{"id":21,"date":"2025-01-21T11:14:53","date_gmt":"2025-01-21T10:14:53","guid":{"rendered":"https:\/\/hawksvillasibiza.com\/?page_id=21"},"modified":"2025-04-26T19:05:07","modified_gmt":"2025-04-26T17:05:07","slug":"services","status":"publish","type":"page","link":"https:\/\/hawksvillasibiza.com\/es\/servicios\/","title":{"rendered":"Servicios"},"content":{"rendered":"<p>En Hawks Villas, nos especializamos en la creaci\u00f3n de espacios habitables excepcionales que encarnan el lujo y la sofisticaci\u00f3n en la pintoresca isla de Ibiza. Con d\u00e9cadas de experiencia en la industria de la construcci\u00f3n, nos enorgullecemos de transformar visiones en realidad.<\/p>\n<p>Nuestros servicios integrales incluyen obra nueva, donde la innovaci\u00f3n se une a la artesan\u00eda, y reconstrucci\u00f3n, donde insuflamos nueva vida a las propiedades existentes. Desde la creaci\u00f3n de paisajes exuberantes y a medida hasta el dise\u00f1o de serenas piscinas y \u00e1reas de bienestar, nuestra experiencia se extiende a cada detalle de la construcci\u00f3n de villas de alta gama.<\/p>\n<p><img loading=\"lazy\" decoding=\"async\" class=\"alignnone size-full wp-image-178\" src=\"https:\/\/hawksvillasibiza.com\/wp-content\/uploads\/2025\/02\/hawks-services-01.jpg\" alt=\"\" width=\"870\" height=\"530\" srcset=\"https:\/\/hawksvillasibiza.com\/wp-content\/uploads\/2025\/02\/hawks-services-01.jpg 870w, https:\/\/hawksvillasibiza.com\/wp-content\/uploads\/2025\/02\/hawks-services-01-300x183.jpg 300w, https:\/\/hawksvillasibiza.com\/wp-content\/uploads\/2025\/02\/hawks-services-01-768x468.jpg 768w, https:\/\/hawksvillasibiza.com\/wp-content\/uploads\/2025\/02\/hawks-services-01-375x228.jpg 375w\" sizes=\"auto, (max-width: 870px) 100vw, 870px\" \/><\/p>\n<p>Comprendiendo la importancia de la precisi\u00f3n y la excelencia, ofrecemos una supervisi\u00f3n dedicada para garantizar que cada proyecto se complete con los m\u00e1s altos est\u00e1ndares. Ya sea un \u00edntimo retiro de spa o una gran villa familiar, Hawks Villas se compromete a ofrecer un estilo de vida incomparable adaptado a sus sue\u00f1os.<\/p>\n<p>Puede encontrar informaci\u00f3n detallada sobre todos nuestros servicios aqu\u00ed en esta p\u00e1gina. Con Hawks Villas, el lujo no solo se construye, sino que se crea con pasi\u00f3n, cuidado y una dedicaci\u00f3n inquebrantable a la excelencia.<\/p>","protected":false},"excerpt":{"rendered":"<p>En Hawks Villas, nos especializamos en la creaci\u00f3n de espacios habitables excepcionales que encarnan el &hellip;<\/p>\n","protected":false},"author":2,"featured_media":0,"parent":0,"menu_order":0,"comment_status":"closed","ping_status":"closed","template":"page-services.php","meta":{"_acf_changed":false,"footnotes":""},"class_list":["post-21","page","type-page","status-publish","hentry"],"acf":[],"_links":{"self":[{"href":"https:\/\/hawksvillasibiza.com\/es\/wp-json\/wp\/v2\/pages\/21","targetHints":{"allow":["GET"]}}],"collection":[{"href":"https:\/\/hawksvillasibiza.com\/es\/wp-json\/wp\/v2\/pages"}],"about":[{"href":"https:\/\/hawksvillasibiza.com\/es\/wp-json\/wp\/v2\/types\/page"}],"author":[{"embeddable":true,"href":"https:\/\/hawksvillasibiza.com\/es\/wp-json\/wp\/v2\/users\/2"}],"replies":[{"embeddable":true,"href":"https:\/\/hawksvillasibiza.com\/es\/wp-json\/wp\/v2\/comments?post=21"}],"version-history":[{"count":9,"href":"https:\/\/hawksvillasibiza.com\/es\/wp-json\/wp\/v2\/pages\/21\/revisions"}],"predecessor-version":[{"id":277,"href":"https:\/\/hawksvillasibiza.com\/es\/wp-json\/wp\/v2\/pages\/21\/revisions\/277"}],"wp:attachment":[{"href":"https:\/\/hawksvillasibiza.com\/es\/wp-json\/wp\/v2\/media?parent=21"}],"curies":[{"name":"wp","href":"https:\/\/api.w.org\/{rel}","templated":true}]}}